{"id":97803,"date":"2024-11-18T12:58:07","date_gmt":"2024-11-18T11:58:07","guid":{"rendered":"https:\/\/momadecupcakes.nl\/?post_type=product&#038;p=97803"},"modified":"2026-03-23T10:51:03","modified_gmt":"2026-03-23T09:51:03","slug":"rigole-pecan","status":"publish","type":"product","link":"https:\/\/momadecupcakes.nl\/fr\/product\/gateau-aux-noix-de-pecan-2\/","title":{"rendered":"Rigol\u00e9 aux noix de p\u00e9can"},"content":{"rendered":"","protected":false},"excerpt":{"rendered":"<p>G\u00e2teau aux noix de p\u00e9can avec un d\u00e9licieux croquant de noix de p\u00e9can et un fourrage de caramel namelaka. Un r\u00e9gal sophistiqu\u00e9 pour les amateurs de noix de p\u00e9can !<\/p>","protected":false},"featured_media":99413,"template":"","meta":{"wds_primary_product_cat":0,"wds_primary_pa_beschikbare-formaten":0,"wds_primary_pa_formaat":0,"wds_primary_pa_smaak":0,"wds_primary_pa_testsize":0},"product_cat":[150],"product_tag":[],"class_list":{"0":"post-97803","1":"product","2":"type-product","3":"status-publish","4":"has-post-thumbnail","6":"product_cat-taartjes-cake","8":"first","9":"outofstock","10":"taxable","11":"shipping-taxable","12":"purchasable","13":"product-type-variable","14":"has-default-attributes"},"_links":{"self":[{"href":"https:\/\/momadecupcakes.nl\/fr\/wp-json\/wp\/v2\/product\/97803","targetHints":{"allow":["GET"]}}],"collection":[{"href":"https:\/\/momadecupcakes.nl\/fr\/wp-json\/wp\/v2\/product"}],"about":[{"href":"https:\/\/momadecupcakes.nl\/fr\/wp-json\/wp\/v2\/types\/product"}],"wp:featuredmedia":[{"embeddable":true,"href":"https:\/\/momadecupcakes.nl\/fr\/wp-json\/wp\/v2\/media\/99413"}],"wp:attachment":[{"href":"https:\/\/momadecupcakes.nl\/fr\/wp-json\/wp\/v2\/media?parent=97803"}],"wp:term":[{"taxonomy":"product_cat","embeddable":true,"href":"https:\/\/momadecupcakes.nl\/fr\/wp-json\/wp\/v2\/product_cat?post=97803"},{"taxonomy":"product_tag","embeddable":true,"href":"https:\/\/momadecupcakes.nl\/fr\/wp-json\/wp\/v2\/product_tag?post=97803"}],"curies":[{"name":"wp","href":"https:\/\/api.w.org\/{rel}","templated":true}]}}